{"id":113,"date":"2024-10-02T20:25:30","date_gmt":"2024-10-03T00:25:30","guid":{"rendered":"https:\/\/canadianjewishlawassociation.org\/?page_id=113"},"modified":"2025-02-24T05:18:13","modified_gmt":"2025-02-24T10:18:13","slug":"current-initiatives","status":"publish","type":"page","link":"https:\/\/canadianjewishlawassociation.org\/fr\/current-initiatives\/","title":{"rendered":"Initiatives en cours"},"content":{"rendered":"<div id=\"cs-content\" class=\"cs-content\"><div class=\"x-section e113-e1 m35-0\"><div class=\"x-div x-container max width e113-e2 m35-5 m35-6 m35-7 m35-8 m35-9 m35-a\"><div class=\"x-text x-text-headline e113-e3 m35-g m35-h m35-i m35-j\"><div class=\"x-text-content\"><div class=\"x-text-content-text\"><h1 class=\"x-text-content-text-primary\">Initiatives en cours<\/h1>\n<span class=\"x-text-content-text-subheadline\">Nos initiatives actuelles visent \u00e0 favoriser\nles liens et le partage des connaissances\nau sein de la communaut\u00e9 juridique par le\nbiais d&#039;\u00e9v\u00e9nements de mise en r\u00e9seau, de\ns\u00e9minaires en ligne, de programmes\n\u00e9ducatifs, etc. Ces efforts visent \u00e0 cr\u00e9er un\nfront uni contre l&#039;antis\u00e9mitisme et la\ndiscrimination tout en donnant aux\nmembres les moyens de d\u00e9fendre la\njustice et l&#039;\u00e9galit\u00e9 dans leur vie\nprofessionnelle et personnelle. Restez \u00e0\nl&#039;\u00e9coute pour des mises \u00e0 jour sur les\n\u00e9v\u00e9nements \u00e0 venir et les possibilit\u00e9s de\ns&#039;impliquer.\n<\/span><\/div><\/div><\/div><div class=\"x-row e113-e4 m35-n m35-o\"><div class=\"x-row-inner\"><a class=\"x-col e113-e5 m35-p m35-1 m35-2 m35-3\" href=\"https:\/\/canadianjewishlawassociation.org\/fr\/when-antisemitic-violence-repeats-the-rule-of-law-is-on-trial\/\" data-x-effect-provider=\"colors effects particles\" data-x-effect=\"{&quot;durationBase&quot;:&quot;300ms&quot;}\"><div class=\"x-div e113-e6 m35-7 m35-8 m35-9 m35-b m35-c m35-d\"><span class=\"x-image e113-e7 m35-q\"><img decoding=\"async\" src=\"https:\/\/canadianjewishlawassociation.org\/wp-content\/uploads\/2026\/04\/When-Antisemitic-Violence-Repeats-the-Rule-of-Law-is-on-Trial.jpg\" width=\"540\" height=\"675\" alt=\"Featured image for \u201cWhen Antisemitic Violence Repeats, the Rule of Law is on Trial\u201d\" loading=\"lazy\"><\/span><\/div><div class=\"x-div e113-e8 m35-5 m35-8 m35-9 m35-b m35-e\"><div class=\"x-div e113-e9 m35-5 m35-6 m35-7 m35-8 m35-d m35-f\"><div class=\"x-text x-text-headline e113-e10 m35-h m35-i m35-k m35-l\"><div class=\"x-text-content\"><div class=\"x-text-content-text\">\n<span class=\"x-text-content-text-primary\">avril 9, 2026<\/span><\/div><\/div><\/div><\/div><div class=\"x-text x-text-headline e113-e11 m35-i m35-j m35-l m35-m\"><div class=\"x-text-content\"><div class=\"x-text-content-text\">\n<h3 class=\"x-text-content-text-primary\">When Antisemitic Violence Repeats, the Rule of Law is on Trial<\/h3><\/div><\/div><\/div><span class=\"x-anchor x-anchor-button has-graphic has-particle e113-e12 m35-r m35-s m35-3\" tabindex=\"0\" data-x-effect=\"{&quot;durationBase&quot;:&quot;300ms&quot;}\"><span class=\"x-particle is-primary\" data-x-particle=\"scale-x inside-b_l\" aria-hidden=\"true\"><span style=\"\"><\/span><\/span><div class=\"x-anchor-content\"><span class=\"x-graphic\" aria-hidden=\"true\"><i class=\"x-icon x-graphic-child x-graphic-icon x-graphic-primary\" aria-hidden=\"true\" data-x-icon-o=\"&#xf105;\"><\/i><i class=\"x-icon x-graphic-child x-graphic-icon x-graphic-secondary\" aria-hidden=\"true\" data-x-icon-o=\"&#xf105;\"><\/i><\/span><div class=\"x-anchor-text\"><span class=\"x-anchor-text-primary\">En savoir plus<\/span><\/div><\/div><\/span><\/div><\/a><a class=\"x-col e113-e5 m35-p m35-1 m35-2 m35-3\" href=\"https:\/\/canadianjewishlawassociation.org\/fr\/ottawa-b-c-move-ahead-with-anti-hate-legislationto-combat-rising-antisemitism-targeted-violence\/\" data-x-effect-provider=\"colors effects particles\" data-x-effect=\"{&quot;durationBase&quot;:&quot;300ms&quot;}\"><div class=\"x-div e113-e6 m35-7 m35-8 m35-9 m35-b m35-c m35-d\"><span class=\"x-image e113-e7 m35-q\"><img decoding=\"async\" src=\"https:\/\/canadianjewishlawassociation.org\/wp-content\/uploads\/2026\/04\/antisimitsim.jpg\" width=\"540\" height=\"675\" alt=\"Featured image for \u201cOttawa, B.C. move ahead with anti-hate legislationto combat rising antisemitism, targeted violence\u201d\" loading=\"lazy\"><\/span><\/div><div class=\"x-div e113-e8 m35-5 m35-8 m35-9 m35-b m35-e\"><div class=\"x-div e113-e9 m35-5 m35-6 m35-7 m35-8 m35-d m35-f\"><div class=\"x-text x-text-headline e113-e10 m35-h m35-i m35-k m35-l\"><div class=\"x-text-content\"><div class=\"x-text-content-text\">\n<span class=\"x-text-content-text-primary\">avril 9, 2026<\/span><\/div><\/div><\/div><\/div><div class=\"x-text x-text-headline e113-e11 m35-i m35-j m35-l m35-m\"><div class=\"x-text-content\"><div class=\"x-text-content-text\">\n<h3 class=\"x-text-content-text-primary\">Ottawa, B.C. move ahead with anti-hate legislationto combat rising antisemitism, targeted violence<\/h3><\/div><\/div><\/div><span class=\"x-anchor x-anchor-button has-graphic has-particle e113-e12 m35-r m35-s m35-3\" tabindex=\"0\" data-x-effect=\"{&quot;durationBase&quot;:&quot;300ms&quot;}\"><span class=\"x-particle is-primary\" data-x-particle=\"scale-x inside-b_l\" aria-hidden=\"true\"><span style=\"\"><\/span><\/span><div class=\"x-anchor-content\"><span class=\"x-graphic\" aria-hidden=\"true\"><i class=\"x-icon x-graphic-child x-graphic-icon x-graphic-primary\" aria-hidden=\"true\" data-x-icon-o=\"&#xf105;\"><\/i><i class=\"x-icon x-graphic-child x-graphic-icon x-graphic-secondary\" aria-hidden=\"true\" data-x-icon-o=\"&#xf105;\"><\/i><\/span><div class=\"x-anchor-text\"><span class=\"x-anchor-text-primary\">En savoir plus<\/span><\/div><\/div><\/span><\/div><\/a><a class=\"x-col e113-e5 m35-p m35-1 m35-2 m35-3\" href=\"https:\/\/canadianjewishlawassociation.org\/fr\/cjla-congratulates-the-honourable-marina-paperny-k-c-on-lifetime-achievement-recognition\/\" data-x-effect-provider=\"colors effects particles\" data-x-effect=\"{&quot;durationBase&quot;:&quot;300ms&quot;}\"><div class=\"x-div e113-e6 m35-7 m35-8 m35-9 m35-b m35-c m35-d\"><span class=\"x-image e113-e7 m35-q\"><img decoding=\"async\" src=\"https:\/\/canadianjewishlawassociation.org\/wp-content\/uploads\/2026\/03\/Copy-of-CJLA-JUNE-2025-Posts.jpg\" width=\"540\" height=\"675\" alt=\"Featured image for \u201cCJLA Congratulates the Honourable Marina Paperny, K.C. on Lifetime Achievement Recognition\u201d\" loading=\"lazy\"><\/span><\/div><div class=\"x-div e113-e8 m35-5 m35-8 m35-9 m35-b m35-e\"><div class=\"x-div e113-e9 m35-5 m35-6 m35-7 m35-8 m35-d m35-f\"><div class=\"x-text x-text-headline e113-e10 m35-h m35-i m35-k m35-l\"><div class=\"x-text-content\"><div class=\"x-text-content-text\">\n<span class=\"x-text-content-text-primary\">mars 13, 2026<\/span><\/div><\/div><\/div><\/div><div class=\"x-text x-text-headline e113-e11 m35-i m35-j m35-l m35-m\"><div class=\"x-text-content\"><div class=\"x-text-content-text\">\n<h3 class=\"x-text-content-text-primary\">CJLA Congratulates the Honourable Marina Paperny, K.C. on Lifetime Achievement Recognition<\/h3><\/div><\/div><\/div><span class=\"x-anchor x-anchor-button has-graphic has-particle e113-e12 m35-r m35-s m35-3\" tabindex=\"0\" data-x-effect=\"{&quot;durationBase&quot;:&quot;300ms&quot;}\"><span class=\"x-particle is-primary\" data-x-particle=\"scale-x inside-b_l\" aria-hidden=\"true\"><span style=\"\"><\/span><\/span><div class=\"x-anchor-content\"><span class=\"x-graphic\" aria-hidden=\"true\"><i class=\"x-icon x-graphic-child x-graphic-icon x-graphic-primary\" aria-hidden=\"true\" data-x-icon-o=\"&#xf105;\"><\/i><i class=\"x-icon x-graphic-child x-graphic-icon x-graphic-secondary\" aria-hidden=\"true\" data-x-icon-o=\"&#xf105;\"><\/i><\/span><div class=\"x-anchor-text\"><span class=\"x-anchor-text-primary\">En savoir plus<\/span><\/div><\/div><\/span><\/div><\/a><\/div><\/div><a class=\"x-anchor x-anchor-button e113-e13 m35-s m35-t m35-1 m35-3 m35-4\" tabindex=\"0\" href=\"https:\/\/canadianjewishlawassociation.org\/fr\/blog\/\" data-x-effect=\"{&quot;durationBase&quot;:&quot;300ms&quot;}\"><div class=\"x-anchor-content\"><div class=\"x-anchor-text\"><span class=\"x-anchor-text-primary\">Plus d\u2019articles<\/span><\/div><\/div><\/a><\/div><\/div><\/div>","protected":false},"excerpt":{"rendered":"<p>Current Initiatives Our current initiatives focus on fostering connections and knowledge-sharing within the legal community through networking events, online seminars, educational programs and more. These efforts aim to create a united front against antisemitism and discrimination while empowering members to advocate for justice and equality in their professional and personal lives. Stay tuned for updates on upcoming events and opportunities &#8230; <\/p>\n<div><a href=\"https:\/\/canadianjewishlawassociation.org\/fr\/current-initiatives\/\" class=\"more-link\">Read More<\/a><\/div>","protected":false},"author":6,"featured_media":338,"parent":0,"menu_order":0,"comment_status":"closed","ping_status":"closed","template":"template-blank-4.php","meta":{"footnotes":""},"class_list":["post-113","page","type-page","status-publish","has-post-thumbnail","hentry"],"_links":{"self":[{"href":"https:\/\/canadianjewishlawassociation.org\/fr\/wp-json\/wp\/v2\/pages\/113","targetHints":{"allow":["GET"]}}],"collection":[{"href":"https:\/\/canadianjewishlawassociation.org\/fr\/wp-json\/wp\/v2\/pages"}],"about":[{"href":"https:\/\/canadianjewishlawassociation.org\/fr\/wp-json\/wp\/v2\/types\/page"}],"author":[{"embeddable":true,"href":"https:\/\/canadianjewishlawassociation.org\/fr\/wp-json\/wp\/v2\/users\/6"}],"replies":[{"embeddable":true,"href":"https:\/\/canadianjewishlawassociation.org\/fr\/wp-json\/wp\/v2\/comments?post=113"}],"version-history":[{"count":0,"href":"https:\/\/canadianjewishlawassociation.org\/fr\/wp-json\/wp\/v2\/pages\/113\/revisions"}],"wp:featuredmedia":[{"embeddable":true,"href":"https:\/\/canadianjewishlawassociation.org\/fr\/wp-json\/wp\/v2\/media\/338"}],"wp:attachment":[{"href":"https:\/\/canadianjewishlawassociation.org\/fr\/wp-json\/wp\/v2\/media?parent=113"}],"curies":[{"name":"wp","href":"https:\/\/api.w.org\/{rel}","templated":true}]}}